{"id":8072,"date":"2024-02-15T15:35:23","date_gmt":"2024-02-15T14:35:23","guid":{"rendered":"https:\/\/www.karolinenhof.farm\/pavillon\/"},"modified":"2024-02-15T15:37:45","modified_gmt":"2024-02-15T14:37:45","slug":"pavillon","status":"publish","type":"page","link":"https:\/\/www.karolinenhof.farm\/de\/pavillon\/","title":{"rendered":"Pavillon"},"content":{"rendered":"[vc_row full_width=&#8221;container-null&#8221; el_class=&#8221;parallax-off&#8221;][vc_column agro_disable_column=&#8221;yes&#8221; el_class=&#8221;j-center&#8221;]<div id=\"hero\" class=\"nt-shortcode-hero jarallax section_69ecea35ac2d5 vc_custom_1649245132979\" data-speed=\"0.7\" data-img-position=\"50% 80%\" data-res-css=\"          \"><div class=\"container\"><div class=\"row\"><div class=\"col-12 col-lg-7 text-center\"><h1 class=\"__title\"><span><\/span> Alt\u00e1nok<\/h1><\/div><\/div><\/div><\/div>[\/vc_column][\/vc_row][vc_row full_width=&#8221;container-null&#8221; el_class=&#8221;perex-icon&#8221; css=&#8221;.vc_custom_1648474629306{background-color: #f4f4f4 !important;}&#8221;][vc_column css=&#8221;.vc_custom_1648474571307{padding-bottom: 0px !important;}&#8221;]<div class=\"section section--no-pt section_69ecea35ac411 vc_custom_1649415736783\" data-res-css=\"      \"><div class=\"container\"><div class=\"feature feature--style-3\"><div class=\"__inner\"><div class=\"row\"><div class=\"col-6 col-sm-6 col-lg-3\"><div class=\"__item text-center\" data-aos=\"fade\" data-aos-delay=\"400\"><i class=\"__ico\"><img decoding=\"async\" src=\"https:\/\/www.karolinenhof.farm\/wp-content\/uploads\/2022\/04\/KH_ikonka-svadba-sobas.png\" class=\"img-fluid\" alt=\"Prstene\"><\/i><h5 class=\"__title\">Sob\u00e1\u0161<\/h5><\/div><\/div><div class=\"col-6 col-sm-6 col-lg-3\"><div class=\"__item text-center\" data-aos=\"fade\" data-aos-delay=\"500\"><i class=\"__ico\"><img decoding=\"async\" src=\"https:\/\/www.karolinenhof.farm\/wp-content\/uploads\/2022\/04\/KH_ikonka-relax.png\" class=\"img-fluid\" alt=\"Relax\"><\/i><h5 class=\"__title\">Relax<\/h5><\/div><\/div><div class=\"col-6 col-sm-6 col-lg-3\"><div class=\"__item text-center\" data-aos=\"fade\" data-aos-delay=\"600\"><i class=\"__ico\"><img decoding=\"async\" src=\"https:\/\/www.karolinenhof.farm\/wp-content\/uploads\/2022\/04\/KH_ikonka-koncert.png\" class=\"img-fluid\" alt=\"Gitara\"><\/i><h5 class=\"__title\">Koncert<\/h5><\/div><\/div><div class=\"col-6 col-sm-6 col-lg-3\"><div class=\"__item text-center\" data-aos=\"fade\" data-aos-delay=\"700\"><i class=\"__ico\"><img decoding=\"async\" src=\"https:\/\/www.karolinenhof.farm\/wp-content\/uploads\/2022\/04\/KH_ikonka-citacka.png\" class=\"img-fluid\" alt=\"Mu\u017e s knihou\"><\/i><h5 class=\"__title\">\u010c\u00edta\u010dka<\/h5><\/div><\/div><\/div><\/div><\/div><\/div><\/div>[\/vc_column][\/vc_row][vc_row full_width=&#8221;container-null&#8221;][vc_column agro_disable_column=&#8221;yes&#8221;]<div class=\"section item_69ecea35adda1 vc_custom_1649448882900\" data-res-css=\"             \"><div class=\"container\"><div class=\"row\"><div class=\"col-12 col-lg-6\"><h2 class=\"info-heading\">Ein Schmuck <span>uprostred z\u00e1hrady<\/span><\/h2>\n<p class=\"p1\">Der Gartenpavillon ist ein wundersch\u00f6ner Ort f\u00fcr alle romantischen Seelen. Bis zu 100 G\u00e4ste k\u00f6nnen die Trauung bequem vom Garten aus verfolgen. Der Pavillon eignet sich auch f\u00fcr kleine Konzerte mit Sitzgelegenheiten auf Strohballen, einfache Entspannung bei einem Kaffee und alles dazwischen. Mit einem starken WLAN-Signal und Zugang zu Strom ist auch eine vielseitige Nutzung m\u00f6glich.<span class=\"Apple-converted-space\"> <\/span>Wir freuen uns auf Ihre Ideen und sind bereit, diese gemeinsam mit Ihnen umzusetzen.<\/p>\n<\/div><div class=\"col-12 my-3 d-lg-none\"><\/div><div class=\"col-12 col-lg-6\"><img decoding=\"async\" src=\"https:\/\/www.karolinenhof.farm\/wp-content\/uploads\/2021\/10\/OMDY3956-scaled-e1649696009171.jpg\" class=\"img-fluid\" alt=\"Alt\u00e1nok pripraven\u00fd na sob\u00e1\u0161\"><\/div><\/div><\/div><\/div>[\/vc_column][\/vc_row][vc_row full_width=&#8221;container&#8221;][vc_column css_animation=&#8221;none&#8221; el_class=&#8221;cennik center&#8221;]<div class=\"section-heading section-heading--center item_69ecea35ae8d4\" data-res-css=\"     \"><p>Stiahnite si n\u00e1\u0161 cenn\u00edk pren\u00e1jmov, doplnkov\u00fdch slu\u017eieb, preh\u013ead stolovan\u00ed alebo technick\u00e9 v\u00fdkresy priestorov.<\/p><\/div>[vc_btn title=&#8221;Dokumente zum Download&#8221; style=&#8221;outline&#8221; size=&#8221;lg&#8221; align=&#8221;center&#8221; link=&#8221;url:https%3A%2F%2Fwww.karolinenhof.farm%2Fdownload%2F|title:Zum%20Download|&#8221; el_class=&#8221;KH-btn&#8221;][\/vc_column][\/vc_row][vc_row][vc_column css=&#8221;.vc_custom_1630930058787{margin-top: 0px !important;}&#8221; el_class=&#8221;gallery&#8221;]<div class=\"section section_69ecea35ae97e vc_custom_1649696672727\" data-res-css=\"    \"><div class=\"container\"><ul id=\"gallery-set\" class=\"text-center\"><li><a class=\"selected\" data-cat=\"*\" href=\"#\">All<\/a><\/li><\/ul><div class=\"gallery gallery--style-1\"><div class=\"__inner\"><div class=\"row js-isotope js-isotope_69ecea35ae97f\" data-isotope-options='{\"itemSelector\": \".js-isotope__item\",\"transitionDuration\": \"0.8s\",\"percentPosition\": \"true\",\t\"masonry\": { \"columnWidth\": \".js-isotope__sizer\"}}'><div class=\"col-12 col-sm-6 col-lg-4  js-isotope__sizer\"><\/div><div class=\"col-12 col-sm-6 col-lg-4 js-isotope__item  category-1\"><div class=\"__item\" ><figure class=\"__image\"><img decoding=\"async\" src=\"https:\/\/www.karolinenhof.farm\/wp-content\/uploads\/2022\/03\/VKAB0393-scaled-e1649696134717.jpg\" alt=\"Poh\u013ead na alt\u00e1nok z vily Karolinenhof\"><a class=\"__link\" data-fancybox=\"gallery\" href=\"https:\/\/www.karolinenhof.farm\/wp-content\/uploads\/2022\/03\/VKAB0393-scaled-e1649696134717.jpg\"><\/a><\/figure><div class=\"__content\"><\/div><\/div><\/div><div class=\"col-12 col-sm-6 col-lg-4 js-isotope__item  category-1\"><div class=\"__item\" ><figure class=\"__image\"><img decoding=\"async\" src=\"https:\/\/www.karolinenhof.farm\/wp-content\/uploads\/2021\/09\/039_Karolinenhof-farm_2019_JN-e1649696177148.jpg\" alt=\"Alt\u00e1nok Karolinenhof\"><a class=\"__link\" data-fancybox=\"gallery\" href=\"https:\/\/www.karolinenhof.farm\/wp-content\/uploads\/2021\/09\/039_Karolinenhof-farm_2019_JN-e1649696177148.jpg\"><\/a><\/figure><div class=\"__content\"><\/div><\/div><\/div><div class=\"col-12 col-sm-6 col-lg-4 js-isotope__item  category-1\"><div class=\"__item\" ><figure class=\"__image\"><img decoding=\"async\" src=\"https:\/\/www.karolinenhof.farm\/wp-content\/uploads\/2021\/10\/IMG_5864-scaled-e1649696672984.jpeg\" alt=\"Svadobn\u00fd obrad v sade\"><a class=\"__link\" data-fancybox=\"gallery\" href=\"https:\/\/www.karolinenhof.farm\/wp-content\/uploads\/2021\/10\/IMG_5864-scaled-e1649696672984.jpeg\"><\/a><\/figure><div class=\"__content\"><\/div><\/div><\/div><div class=\"col-12 col-sm-6 col-lg-4 js-isotope__item  category-1\"><div class=\"__item\" ><figure class=\"__image\"><img decoding=\"async\" src=\"https:\/\/www.karolinenhof.farm\/wp-content\/uploads\/2021\/06\/008_Karolinenhof-farm_2019_JN-e1649696414807.jpg\" alt=\"Z\u00e1pad slnka v z\u00e1hrade s alt\u00e1nkom\"><a class=\"__link\" data-fancybox=\"gallery\" href=\"https:\/\/www.karolinenhof.farm\/wp-content\/uploads\/2021\/06\/008_Karolinenhof-farm_2019_JN-e1649696414807.jpg\"><\/a><\/figure><div class=\"__content\"><\/div><\/div><\/div><div class=\"col-12 col-sm-6 col-lg-4 js-isotope__item  category-1\"><div class=\"__item\" ><figure class=\"__image\"><img decoding=\"async\" src=\"https:\/\/www.karolinenhof.farm\/wp-content\/uploads\/2022\/02\/VKAB0737-scaled-e1649696572935.jpg\" alt=\"Svadobn\u00fd obrad v sade\"><a class=\"__link\" data-fancybox=\"gallery\" href=\"https:\/\/www.karolinenhof.farm\/wp-content\/uploads\/2022\/02\/VKAB0737-scaled-e1649696572935.jpg\"><\/a><\/figure><div class=\"__content\"><\/div><\/div><\/div><div class=\"col-12 col-sm-6 col-lg-4 js-isotope__item  category-1\"><div class=\"__item\" ><figure class=\"__image\"><img decoding=\"async\" src=\"https:\/\/www.karolinenhof.farm\/wp-content\/uploads\/2022\/01\/karolinenhof-103-scaled-e1649696446534.jpg\" alt=\"Hry v z\u00e1hrade\"><a class=\"__link\" data-fancybox=\"gallery\" href=\"https:\/\/www.karolinenhof.farm\/wp-content\/uploads\/2022\/01\/karolinenhof-103-scaled-e1649696446534.jpg\"><\/a><\/figure><div class=\"__content\"><\/div><\/div><\/div><\/div><\/div><\/div><\/div><\/div>[vc_btn title=&#8221;Galerie&#8221; style=&#8221;outline&#8221; size=&#8221;lg&#8221; align=&#8221;center&#8221; el_class=&#8221;KH-btn&#8221; link=&#8221;url:https%3A%2F%2Fwww.karolinenhof.farm%2Fgaleria%2F|title:Galerie|&#8221; css=&#8221;.vc_custom_1630930371392{margin-top: 40px !important;margin-bottom: 100px !important;}&#8221;][\/vc_column][\/vc_row][vc_row useiframe=&#8221;&#8221; markerimg=&#8221;1439&#8243; apikey=&#8221;AIzaSyA_qILiOtPBRntiEsIpOh7o-ARi4aVLJm0&#8243; longitude=&#8221;48.14480&#8243; latitude=&#8221;16.97460&#8243; minh=&#8221;255&#8243; iframemap=&#8221;&#8221;][vc_column]<footer id=\"footer\" class=\"footer footer--style-3\" style=\"min-height: 255px\">\n<div class=\"container\">\n<div class=\"row\">\n<div class=\"col-12 col-md-7\">\n<div class=\"row\">\n<div class=\"col-12 col-sm-4 col-md-4 col-lg-3\">\n<div class=\"footer__item\"><a class=\"site-logo\" href=\"https:\/\/www.karolinenhof.farm\/de\/\"><img decoding=\"async\" class=\"img-fluid\" src=\"https:\/\/www.karolinenhof.farm\/wp-content\/uploads\/2021\/06\/KH-menu-logo-02.svg\" alt=\"Karolinenhof\"><\/a><\/div>\n<\/div>\n<div class=\"col-12 col-sm\">\n<div class=\"footer__item\">\n<nav id=\"footer__navigation\" class=\"navigation\">\n<div class=\"row justify-content-sm-center\">\n<div class=\"col-auto\">\n<ul>\n<li><a href=\"https:\/\/www.karolinenhof.farm\/de\/\">Homepage<\/a><\/li>\n<li><a href=\"https:\/\/www.karolinenhof.farm\/o-farme\/\">\u00dcber den Bauernhof<\/a><\/li>\n<li><a href=\"https:\/\/www.karolinenhof.farm\/galeria\/\">Galerie<\/a><\/li>\n<li><a href=\"https:\/\/www.karolinenhof.farm\/kontakt\/\">Kontakte<\/a><\/li>\n<\/ul>\n<\/div>\n<div class=\"col-auto offset-lg-1\">\n<ul>\n<li><a href=\"https:\/\/www.karolinenhof.farm\/svadby\/\">Hochzeiten<\/a><\/li>\n<li><a href=\"https:\/\/www.karolinenhof.farm\/firemne-podujatia\/\">Firmenveranstaltungen<\/a><\/li>\n<li><a href=\"https:\/\/www.karolinenhof.farm\/rodinne-oslavy\/\">Familienfeiern<\/a><\/li>\n<li><a href=\"https:\/\/www.karolinenhof.farm\/de\/alex-hall\/\">Alex Hall<\/a><\/li>\n<li><a href=\"https:\/\/www.karolinenhof.farm\/grill-house\/\">Hive<\/a><\/li>\n<li class=\"active\"><a href=\"https:\/\/www.karolinenhof.farm\/de\/pavillon\/\">Pavillon<\/a><\/li>\n<li><a href=\"https:\/\/www.karolinenhof.farm\/zahrada-sad\/\">Garten und Obstgarten<\/a><\/li>\n<\/ul>\n<\/div>\n<\/div>\n<\/nav>\n<\/div>\n<\/div>\n<\/div>\n<div class=\"row align-items-end justify-content-between\">\n<div class=\"col-12 col-lg-9\">\n<div class=\"footer__item\">\n<address>\n<div class=\"row\">\n<div class=\"col-12 col-sm-6 mb-4 mb-sm-0\">\n<div class=\"__title\">email<\/div>\n<p><a href=\"mailto:info@karolinenhof.farm\">info@karolinenhof.farm<\/a><\/p>\n<\/div>\n<div class=\"col-12 col-sm-6\">\n<div class=\"__title\">Tel.<\/div>\n<p>+43 664 193 6280<\/p>\n<\/div>\n<\/div>\n<\/address>\n<\/div>\n<\/div>\n<div class=\"col-12 col-lg-auto\">\n<div class=\"footer__item\">\n<div class=\"social-btns\"><\/div>\n<\/div>\n<\/div>\n<\/div>\n<div class=\"row justify-content-lg-between copyright\">\n<div class=\"col-12 col-lg\">\n<div class=\"footer__item\"><span class=\"__copy\">\u00a9 Karolinenhof, 2022<\/span><\/div>\n<\/div>\n<\/div>\n<\/div>\n<\/div>\n<\/div>\n<div class=\"map-container\"><div class=\"g_map_custom\" data-api-key=\"AIzaSyBENtAO7gD77vU9DroyYag0GvzJjWeNmfo\" data-longitude=\"48.14200\" data-latitude=\"16.97380\" data-marker=\"https:\/\/www.karolinenhof.farm\/wp-content\/uploads\/2021\/09\/Map-flag-04.svg\"><\/div><\/div><\/footer>[\/vc_column][\/vc_row]\n","protected":false},"excerpt":{"rendered":"<p>[vc_row full_width=&#8221;container-null&#8221; el_class=&#8221;parallax-off&#8221;][vc_column agro_disable_column=&#8221;yes&#8221; el_class=&#8221;j-center&#8221;][\/vc_column][\/vc_row][vc_row full_width=&#8221;container-null&#8221; el_class=&#8221;perex-icon&#8221; css=&#8221;.vc_custom_1648474629306{background-color: #f4f4f4 !important;}&#8221;][vc_column css=&#8221;.vc_custom_1648474571307{padding-bottom: 0px !important;}&#8221;][\/vc_column][\/vc_row][vc_row full_width=&#8221;container-null&#8221;][vc_column agro_disable_column=&#8221;yes&#8221;][\/vc_column][\/vc_row][vc_row full_width=&#8221;container&#8221;][vc_column css_animation=&#8221;none&#8221; el_class=&#8221;cennik center&#8221;][vc_btn title=&#8221;Dokumente zum Download&#8221; style=&#8221;outline&#8221; size=&#8221;lg&#8221; align=&#8221;center&#8221; link=&#8221;url:https%3A%2F%2Fwww.karolinenhof.farm%2Fdownload%2F|title:Zum%20Download|&#8221; el_class=&#8221;KH-btn&#8221;][\/vc_column][\/vc_row][vc_row][vc_column css=&#8221;.vc_custom_1630930058787{margin-top: 0px !important;}&#8221; el_class=&#8221;gallery&#8221;][vc_btn title=&#8221;Galerie&#8221; style=&#8221;outline&#8221; size=&#8221;lg&#8221; align=&#8221;center&#8221; el_class=&#8221;KH-btn&#8221; link=&#8221;url:https%3A%2F%2Fwww.karolinenhof.farm%2Fgaleria%2F|title:Galerie|&#8221; css=&#8221;.vc_custom_1630930371392{margin-top: 40px !important;margin-bottom: 100px !important;}&#8221;][\/vc_column][\/vc_row][vc_row useiframe=&#8221;&#8221; markerimg=&#8221;1439&#8243; apikey=&#8221;AIzaSyA_qILiOtPBRntiEsIpOh7o-ARi4aVLJm0&#8243; longitude=&#8221;48.14480&#8243; latitude=&#8221;16.97460&#8243; minh=&#8221;255&#8243; iframemap=&#8221;&#8221;][vc_column][\/vc_column][\/vc_row]<\/p>\n","protected":false},"author":2,"featured_media":0,"parent":0,"menu_order":0,"comment_status":"closed","ping_status":"closed","template":"custom-page.php","meta":{"inline_featured_image":false,"_monsterinsights_skip_tracking":false,"_monsterinsights_sitenote_active":false,"_monsterinsights_sitenote_note":"","_monsterinsights_sitenote_category":0,"footnotes":""},"categories":[67],"tags":[],"class_list":["post-8072","page","type-page","status-publish","hentry","category-karolinenhof-de"," nt-post-class"],"yoast_head":"<!-- This site is optimized with the Yoast SEO plugin v25.6 - https:\/\/yoast.com\/wordpress\/plugins\/seo\/ -->\n<title>Pavillon - Karolinenhof Farm<\/title>\n<meta name=\"description\" content=\"Der Gartenpavillon ist ein wundersch\u00f6ner romantischer Ort. Eine Hochzeit im Freien mit 100 G\u00e4sten, ein Konzert oder eine Lesung sind nur einige der M\u00f6glichkeiten, die es bietet.\" \/>\n<meta name=\"robots\" content=\"index, follow, max-snippet:-1, max-image-preview:large, max-video-preview:-1\" \/>\n<link rel=\"canonical\" href=\"https:\/\/www.karolinenhof.farm\/de\/pavillon\/\" \/>\n<meta property=\"og:locale\" content=\"de_DE\" \/>\n<meta property=\"og:type\" content=\"article\" \/>\n<meta property=\"og:title\" content=\"Pavillon - Karolinenhof Farm\" \/>\n<meta property=\"og:description\" content=\"Der Gartenpavillon ist ein wundersch\u00f6ner romantischer Ort. Eine Hochzeit im Freien mit 100 G\u00e4sten, ein Konzert oder eine Lesung sind nur einige der M\u00f6glichkeiten, die es bietet.\" \/>\n<meta property=\"og:url\" content=\"https:\/\/www.karolinenhof.farm\/de\/pavillon\/\" \/>\n<meta property=\"og:site_name\" content=\"Karolinenhof Farm\" \/>\n<meta property=\"article:modified_time\" content=\"2024-02-15T14:37:45+00:00\" \/>\n<meta property=\"og:image\" content=\"https:\/\/www.karolinenhof.farm\/wp-content\/uploads\/2021\/06\/KH-menu-logo-02.svg\" \/>\n<meta name=\"twitter:card\" content=\"summary_large_image\" \/>\n<meta name=\"twitter:label1\" content=\"Gesch\u00e4tzte Lesezeit\" \/>\n\t<meta name=\"twitter:data1\" content=\"3\u00a0Minuten\" \/>\n<script type=\"application\/ld+json\" class=\"yoast-schema-graph\">{\"@context\":\"https:\/\/schema.org\",\"@graph\":[{\"@type\":\"WebPage\",\"@id\":\"https:\/\/www.karolinenhof.farm\/de\/pavillon\/\",\"url\":\"https:\/\/www.karolinenhof.farm\/de\/pavillon\/\",\"name\":\"Pavillon - Karolinenhof Farm\",\"isPartOf\":{\"@id\":\"https:\/\/www.karolinenhof.farm\/de\/#website\"},\"primaryImageOfPage\":{\"@id\":\"https:\/\/www.karolinenhof.farm\/de\/pavillon\/#primaryimage\"},\"image\":{\"@id\":\"https:\/\/www.karolinenhof.farm\/de\/pavillon\/#primaryimage\"},\"thumbnailUrl\":\"https:\/\/www.karolinenhof.farm\/wp-content\/uploads\/2021\/06\/KH-menu-logo-02.svg\",\"datePublished\":\"2024-02-15T14:35:23+00:00\",\"dateModified\":\"2024-02-15T14:37:45+00:00\",\"description\":\"Der Gartenpavillon ist ein wundersch\u00f6ner romantischer Ort. Eine Hochzeit im Freien mit 100 G\u00e4sten, ein Konzert oder eine Lesung sind nur einige der M\u00f6glichkeiten, die es bietet.\",\"breadcrumb\":{\"@id\":\"https:\/\/www.karolinenhof.farm\/de\/pavillon\/#breadcrumb\"},\"inLanguage\":\"de\",\"potentialAction\":[{\"@type\":\"ReadAction\",\"target\":[\"https:\/\/www.karolinenhof.farm\/de\/pavillon\/\"]}]},{\"@type\":\"ImageObject\",\"inLanguage\":\"de\",\"@id\":\"https:\/\/www.karolinenhof.farm\/de\/pavillon\/#primaryimage\",\"url\":\"https:\/\/www.karolinenhof.farm\/wp-content\/uploads\/2021\/06\/KH-menu-logo-02.svg\",\"contentUrl\":\"https:\/\/www.karolinenhof.farm\/wp-content\/uploads\/2021\/06\/KH-menu-logo-02.svg\"},{\"@type\":\"BreadcrumbList\",\"@id\":\"https:\/\/www.karolinenhof.farm\/de\/pavillon\/#breadcrumb\",\"itemListElement\":[{\"@type\":\"ListItem\",\"position\":1,\"name\":\"Home\",\"item\":\"https:\/\/www.karolinenhof.farm\/de\/\"},{\"@type\":\"ListItem\",\"position\":2,\"name\":\"Pavillon\"}]},{\"@type\":\"WebSite\",\"@id\":\"https:\/\/www.karolinenhof.farm\/de\/#website\",\"url\":\"https:\/\/www.karolinenhof.farm\/de\/\",\"name\":\"Karolinenhof Farm\",\"description\":\"\",\"potentialAction\":[{\"@type\":\"SearchAction\",\"target\":{\"@type\":\"EntryPoint\",\"urlTemplate\":\"https:\/\/www.karolinenhof.farm\/de\/?s={search_term_string}\"},\"query-input\":{\"@type\":\"PropertyValueSpecification\",\"valueRequired\":true,\"valueName\":\"search_term_string\"}}],\"inLanguage\":\"de\"}]}<\/script>\n<!-- \/ Yoast SEO plugin. -->","yoast_head_json":{"title":"Pavillon - Karolinenhof Farm","description":"Der Gartenpavillon ist ein wundersch\u00f6ner romantischer Ort. Eine Hochzeit im Freien mit 100 G\u00e4sten, ein Konzert oder eine Lesung sind nur einige der M\u00f6glichkeiten, die es bietet.","robots":{"index":"index","follow":"follow","max-snippet":"max-snippet:-1","max-image-preview":"max-image-preview:large","max-video-preview":"max-video-preview:-1"},"canonical":"https:\/\/www.karolinenhof.farm\/de\/pavillon\/","og_locale":"de_DE","og_type":"article","og_title":"Pavillon - Karolinenhof Farm","og_description":"Der Gartenpavillon ist ein wundersch\u00f6ner romantischer Ort. Eine Hochzeit im Freien mit 100 G\u00e4sten, ein Konzert oder eine Lesung sind nur einige der M\u00f6glichkeiten, die es bietet.","og_url":"https:\/\/www.karolinenhof.farm\/de\/pavillon\/","og_site_name":"Karolinenhof Farm","article_modified_time":"2024-02-15T14:37:45+00:00","og_image":[{"url":"https:\/\/www.karolinenhof.farm\/wp-content\/uploads\/2021\/06\/KH-menu-logo-02.svg","type":"","width":"","height":""}],"twitter_card":"summary_large_image","twitter_misc":{"Gesch\u00e4tzte Lesezeit":"3\u00a0Minuten"},"schema":{"@context":"https:\/\/schema.org","@graph":[{"@type":"WebPage","@id":"https:\/\/www.karolinenhof.farm\/de\/pavillon\/","url":"https:\/\/www.karolinenhof.farm\/de\/pavillon\/","name":"Pavillon - Karolinenhof Farm","isPartOf":{"@id":"https:\/\/www.karolinenhof.farm\/de\/#website"},"primaryImageOfPage":{"@id":"https:\/\/www.karolinenhof.farm\/de\/pavillon\/#primaryimage"},"image":{"@id":"https:\/\/www.karolinenhof.farm\/de\/pavillon\/#primaryimage"},"thumbnailUrl":"https:\/\/www.karolinenhof.farm\/wp-content\/uploads\/2021\/06\/KH-menu-logo-02.svg","datePublished":"2024-02-15T14:35:23+00:00","dateModified":"2024-02-15T14:37:45+00:00","description":"Der Gartenpavillon ist ein wundersch\u00f6ner romantischer Ort. Eine Hochzeit im Freien mit 100 G\u00e4sten, ein Konzert oder eine Lesung sind nur einige der M\u00f6glichkeiten, die es bietet.","breadcrumb":{"@id":"https:\/\/www.karolinenhof.farm\/de\/pavillon\/#breadcrumb"},"inLanguage":"de","potentialAction":[{"@type":"ReadAction","target":["https:\/\/www.karolinenhof.farm\/de\/pavillon\/"]}]},{"@type":"ImageObject","inLanguage":"de","@id":"https:\/\/www.karolinenhof.farm\/de\/pavillon\/#primaryimage","url":"https:\/\/www.karolinenhof.farm\/wp-content\/uploads\/2021\/06\/KH-menu-logo-02.svg","contentUrl":"https:\/\/www.karolinenhof.farm\/wp-content\/uploads\/2021\/06\/KH-menu-logo-02.svg"},{"@type":"BreadcrumbList","@id":"https:\/\/www.karolinenhof.farm\/de\/pavillon\/#breadcrumb","itemListElement":[{"@type":"ListItem","position":1,"name":"Home","item":"https:\/\/www.karolinenhof.farm\/de\/"},{"@type":"ListItem","position":2,"name":"Pavillon"}]},{"@type":"WebSite","@id":"https:\/\/www.karolinenhof.farm\/de\/#website","url":"https:\/\/www.karolinenhof.farm\/de\/","name":"Karolinenhof Farm","description":"","potentialAction":[{"@type":"SearchAction","target":{"@type":"EntryPoint","urlTemplate":"https:\/\/www.karolinenhof.farm\/de\/?s={search_term_string}"},"query-input":{"@type":"PropertyValueSpecification","valueRequired":true,"valueName":"search_term_string"}}],"inLanguage":"de"}]}},"_links":{"self":[{"href":"https:\/\/www.karolinenhof.farm\/de\/wp-json\/wp\/v2\/pages\/8072"}],"collection":[{"href":"https:\/\/www.karolinenhof.farm\/de\/wp-json\/wp\/v2\/pages"}],"about":[{"href":"https:\/\/www.karolinenhof.farm\/de\/wp-json\/wp\/v2\/types\/page"}],"author":[{"embeddable":true,"href":"https:\/\/www.karolinenhof.farm\/de\/wp-json\/wp\/v2\/users\/2"}],"replies":[{"embeddable":true,"href":"https:\/\/www.karolinenhof.farm\/de\/wp-json\/wp\/v2\/comments?post=8072"}],"version-history":[{"count":5,"href":"https:\/\/www.karolinenhof.farm\/de\/wp-json\/wp\/v2\/pages\/8072\/revisions"}],"predecessor-version":[{"id":8077,"href":"https:\/\/www.karolinenhof.farm\/de\/wp-json\/wp\/v2\/pages\/8072\/revisions\/8077"}],"wp:attachment":[{"href":"https:\/\/www.karolinenhof.farm\/de\/wp-json\/wp\/v2\/media?parent=8072"}],"wp:term":[{"taxonomy":"category","embeddable":true,"href":"https:\/\/www.karolinenhof.farm\/de\/wp-json\/wp\/v2\/categories?post=8072"},{"taxonomy":"post_tag","embeddable":true,"href":"https:\/\/www.karolinenhof.farm\/de\/wp-json\/wp\/v2\/tags?post=8072"}],"curies":[{"name":"wp","href":"https:\/\/api.w.org\/{rel}","templated":true}]}}